{"id":8,"date":"2025-09-30T18:21:30","date_gmt":"2025-09-30T16:21:30","guid":{"rendered":"http:\/\/212.227.100.131\/?page_id=8"},"modified":"2025-10-21T18:10:53","modified_gmt":"2025-10-21T16:10:53","slug":"home","status":"publish","type":"page","link":"https:\/\/sailwithfriends.com\/","title":{"rendered":"Willkommen bei SAIL WITH FRIENDS"},"content":{"rendered":"\n<p class=\"has-text-align-center\">\u00dcber 6 Jahre Segelt\u00f6rns vor Italien, Kroatien, Griechenland und anderen L\u00e4ndern.<\/p>\n\n\n\n<p class=\"has-text-align-center\">Meld dich an und erfahre als Erstes vom n\u00e4chsten T\u00f6rn.<\/p>\n\n\n\n<p class=\"has-text-align-center\">Bei Fragen, schreibt uns \ud83d\udce9<\/p>\n\n\n\n<div class=\"wp-block-columns is-layout-flex wp-container-core-columns-is-layout-9d6595d7 wp-block-columns-is-layout-flex\">\n<div class=\"wp-block-column is-layout-flow wp-block-column-is-layout-flow\">\n<div class=\"wp-block-cover is-light\"><img loading=\"lazy\" decoding=\"async\" width=\"4000\" height=\"2250\" class=\"wp-block-cover__image-background wp-image-63 size-full\" alt=\"\" src=\"https:\/\/sailwithfriends.com\/wp-content\/uploads\/2025\/09\/DJI_0063-min.jpg\" data-object-fit=\"cover\"\/><span aria-hidden=\"true\" class=\"wp-block-cover__background has-background-dim-80 has-background-dim\" style=\"background-color:#818283\"><\/span><div class=\"wp-block-cover__inner-container is-layout-constrained wp-block-cover-is-layout-constrained\">\n<p class=\"has-text-align-center has-theme-palette-9-color has-text-color has-link-color has-large-font-size wp-elements-8d6ed1e0c19d05bb5539d277ccdc7806\"><strong><mark style=\"background-color:rgba(0, 0, 0, 0)\" class=\"has-inline-color has-theme-palette-9-color\"><a href=\"https:\/\/sailwithfriends.com\/index.php\/bisherige-toerns\/\" data-type=\"page\" data-id=\"42\"> Vergangene T\u00f6rns<\/a><\/mark><\/strong><\/p>\n<\/div><\/div>\n<\/div>\n\n\n\n<div class=\"wp-block-column is-layout-flow wp-block-column-is-layout-flow\">\n<div class=\"wp-block-cover\"><img loading=\"lazy\" decoding=\"async\" width=\"4032\" height=\"3024\" class=\"wp-block-cover__image-background wp-image-64 size-full\" alt=\"\" src=\"https:\/\/sailwithfriends.com\/wp-content\/uploads\/2025\/09\/IMG_2225.jpg\" data-object-fit=\"cover\"\/><span aria-hidden=\"true\" class=\"wp-block-cover__background has-background-dim-80 has-background-dim\" style=\"background-color:#68718b\"><\/span><div class=\"wp-block-cover__inner-container is-layout-constrained wp-block-cover-is-layout-constrained\">\n<p class=\"has-text-align-center has-theme-palette-9-color has-text-color has-link-color has-large-font-size wp-elements-f89d77b63003639400c021aba1a86da0\"><a href=\"https:\/\/sailwithfriends.com\/index.php\/unser-team\/\" data-type=\"page\" data-id=\"36\"><mark style=\"background-color:rgba(0, 0, 0, 0)\" class=\"has-inline-color has-theme-palette-9-color\"><strong>Skipper-Team<\/strong><\/mark><\/a><\/p>\n<\/div><\/div>\n<\/div>\n\n\n\n<div class=\"wp-block-column is-layout-flow wp-block-column-is-layout-flow\">\n<div class=\"wp-block-cover is-light has-small-font-size\"><img loading=\"lazy\" decoding=\"async\" width=\"3024\" height=\"4032\" class=\"wp-block-cover__image-background wp-image-65 size-full\" alt=\"\" src=\"https:\/\/sailwithfriends.com\/wp-content\/uploads\/2025\/09\/20250914_155729-min.jpg\" data-object-fit=\"cover\"\/><span aria-hidden=\"true\" class=\"wp-block-cover__background has-background-dim-80 has-background-dim\" style=\"background-color:#818c9b\"><\/span><div class=\"wp-block-cover__inner-container is-layout-constrained wp-block-cover-is-layout-constrained\">\n<p class=\"has-text-align-center has-theme-palette-9-color has-text-color has-link-color has-large-font-size wp-elements-c8fc871e4e54451e614c66a71e88077b\"><strong><a href=\"https:\/\/sailwithfriends.com\/index.php\/registrieren\/\" data-type=\"page\" data-id=\"46\"><mark style=\"background-color:rgba(0, 0, 0, 0)\" class=\"has-inline-color has-theme-palette-9-color\">Komm an Bord<\/mark><\/a><\/strong><\/p>\n<\/div><\/div>\n<\/div>\n<\/div>\n\n\n\n<div class=\"wp-block-cover is-light\" style=\"margin-top:0;margin-bottom:0;padding-top:0;padding-bottom:0;min-height:250px;aspect-ratio:unset;\"><img loading=\"lazy\" decoding=\"async\" width=\"1536\" height=\"2048\" class=\"wp-block-cover__image-background wp-image-148 size-full\" alt=\"\" src=\"https:\/\/sailwithfriends.com\/wp-content\/uploads\/2025\/10\/WhatsApp-Image-2025-10-21-at-11.32.47-3.jpeg\" style=\"object-position:51% 49%\" data-object-fit=\"cover\" data-object-position=\"51% 49%\" srcset=\"https:\/\/sailwithfriends.com\/wp-content\/uploads\/2025\/10\/WhatsApp-Image-2025-10-21-at-11.32.47-3.jpeg 1536w, https:\/\/sailwithfriends.com\/wp-content\/uploads\/2025\/10\/WhatsApp-Image-2025-10-21-at-11.32.47-3-225x300.jpeg 225w, https:\/\/sailwithfriends.com\/wp-content\/uploads\/2025\/10\/WhatsApp-Image-2025-10-21-at-11.32.47-3-768x1024.jpeg 768w, https:\/\/sailwithfriends.com\/wp-content\/uploads\/2025\/10\/WhatsApp-Image-2025-10-21-at-11.32.47-3-1152x1536.jpeg 1152w\" sizes=\"auto, (max-width: 1536px) 100vw, 1536px\" \/><span aria-hidden=\"true\" class=\"wp-block-cover__background has-background-dim\" style=\"background-color:#6f94bf\"><\/span><div class=\"wp-block-cover__inner-container is-layout-constrained wp-block-cover-is-layout-constrained\">\n<p class=\"has-text-align-center has-theme-palette-9-color has-text-color has-link-color has-large-font-size wp-elements-cc13faca7bb6071f251892ac001955ed\" style=\"margin-top:0;margin-bottom:0\"><strong><a href=\"https:\/\/sailwithfriends.com\/index.php\/galerie\/\" data-type=\"page\" data-id=\"209\">Galerie<\/a><\/strong><\/p>\n<\/div><\/div>\n\n\n\n<p><\/p>\n","protected":false},"excerpt":{"rendered":"<p>\u00dcber 6 Jahre Segelt\u00f6rns vor Italien, Kroatien, Griechenland und anderen L\u00e4ndern. Meld dich an und erfahre als Erstes vom n\u00e4chsten T\u00f6rn. Bei Fragen, schreibt uns \ud83d\udce9<\/p>\n","protected":false},"author":1,"featured_media":0,"parent":0,"menu_order":0,"comment_status":"closed","ping_status":"closed","template":"","meta":{"_monsterinsights_skip_tracking":false,"_monsterinsights_sitenote_active":false,"_monsterinsights_sitenote_note":"","_monsterinsights_sitenote_category":0,"_kad_post_transparent":"","_kad_post_title":"","_kad_post_layout":"","_kad_post_sidebar_id":"","_kad_post_content_style":"","_kad_post_vertical_padding":"","_kad_post_feature":"","_kad_post_feature_position":"","_kad_post_header":false,"_kad_post_footer":false,"footnotes":""},"class_list":["post-8","page","type-page","status-publish","hentry"],"jetpack_sharing_enabled":true,"_links":{"self":[{"href":"https:\/\/sailwithfriends.com\/index.php\/wp-json\/wp\/v2\/pages\/8","targetHints":{"allow":["GET"]}}],"collection":[{"href":"https:\/\/sailwithfriends.com\/index.php\/wp-json\/wp\/v2\/pages"}],"about":[{"href":"https:\/\/sailwithfriends.com\/index.php\/wp-json\/wp\/v2\/types\/page"}],"author":[{"embeddable":true,"href":"https:\/\/sailwithfriends.com\/index.php\/wp-json\/wp\/v2\/users\/1"}],"replies":[{"embeddable":true,"href":"https:\/\/sailwithfriends.com\/index.php\/wp-json\/wp\/v2\/comments?post=8"}],"version-history":[{"count":21,"href":"https:\/\/sailwithfriends.com\/index.php\/wp-json\/wp\/v2\/pages\/8\/revisions"}],"predecessor-version":[{"id":235,"href":"https:\/\/sailwithfriends.com\/index.php\/wp-json\/wp\/v2\/pages\/8\/revisions\/235"}],"wp:attachment":[{"href":"https:\/\/sailwithfriends.com\/index.php\/wp-json\/wp\/v2\/media?parent=8"}],"curies":[{"name":"wp","href":"https:\/\/api.w.org\/{rel}","templated":true}]}}