{"id":28,"date":"2025-09-30T18:52:42","date_gmt":"2025-09-30T16:52:42","guid":{"rendered":"http:\/\/212.227.100.131\/?page_id=28"},"modified":"2025-09-30T19:02:42","modified_gmt":"2025-09-30T17:02:42","slug":"impressum","status":"publish","type":"page","link":"https:\/\/sailwithfriends.com\/index.php\/impressum\/","title":{"rendered":"Impressum"},"content":{"rendered":"\n<p><strong>Sail With Friends<\/strong><\/p>\n\n\n\n<p><strong>Verantwortlich gem\u00e4\u00df \u00a7 5 TMG und \u00a7 55 RStV:<\/strong><\/p>\n\n\n\n<p>Spencer Henkel &amp; Felix Mausberg<\/p>\n\n\n\n<p><strong>Anschrift<\/strong>:<\/p>\n\n\n\n<p>Sail With Friends<br>c\/o Felix Mausberg<br>Breite Stra\u00dfe 33a<br>41460 Neuss<br>Deutschland<\/p>\n\n\n\n<p><strong>Kontakt<\/strong><\/p>\n\n\n\n<p>E-Mail: <a href=\"mailto:team@sailwithfriends.com\">team@sailwithfriends.com<\/a><\/p>\n\n\n\n<p><strong>Datenschutz &amp; Auskunft<\/strong><\/p>\n\n\n\n<p>Wenn du m\u00f6chtest, dass wir deine personenbezogenen Daten l\u00f6schen oder dir Auskunft dar\u00fcber geben, welche Daten wir von dir gespeichert haben, kannst du uns jederzeit \u00fcber <a href=\"mailto:team@sailwithfriends.com\">team@sailwithfriends.com<\/a> kontaktieren.<\/p>\n","protected":false},"excerpt":{"rendered":"<p>Sail With Friends Verantwortlich gem\u00e4\u00df \u00a7 5 TMG und \u00a7 55 RStV: Spencer Henkel &amp; Felix Mausberg Anschrift: Sail With Friendsc\/o Felix MausbergBreite Stra\u00dfe 33a41460 NeussDeutschland Kontakt E-Mail: team@sailwithfriends.com Datenschutz &amp; Auskunft Wenn du m\u00f6chtest, dass wir deine personenbezogenen Daten l\u00f6schen oder dir Auskunft dar\u00fcber geben, welche Daten wir von dir gespeichert haben, kannst du&#8230;<\/p>\n","protected":false},"author":1,"featured_media":0,"parent":0,"menu_order":0,"comment_status":"closed","ping_status":"closed","template":"","meta":{"_monsterinsights_skip_tracking":false,"_monsterinsights_sitenote_active":false,"_monsterinsights_sitenote_note":"","_monsterinsights_sitenote_category":0,"_kad_post_transparent":"","_kad_post_title":"","_kad_post_layout":"","_kad_post_sidebar_id":"","_kad_post_content_style":"","_kad_post_vertical_padding":"","_kad_post_feature":"","_kad_post_feature_position":"","_kad_post_header":false,"_kad_post_footer":false,"footnotes":""},"class_list":["post-28","page","type-page","status-publish","hentry"],"jetpack_sharing_enabled":true,"_links":{"self":[{"href":"https:\/\/sailwithfriends.com\/index.php\/wp-json\/wp\/v2\/pages\/28","targetHints":{"allow":["GET"]}}],"collection":[{"href":"https:\/\/sailwithfriends.com\/index.php\/wp-json\/wp\/v2\/pages"}],"about":[{"href":"https:\/\/sailwithfriends.com\/index.php\/wp-json\/wp\/v2\/types\/page"}],"author":[{"embeddable":true,"href":"https:\/\/sailwithfriends.com\/index.php\/wp-json\/wp\/v2\/users\/1"}],"replies":[{"embeddable":true,"href":"https:\/\/sailwithfriends.com\/index.php\/wp-json\/wp\/v2\/comments?post=28"}],"version-history":[{"count":2,"href":"https:\/\/sailwithfriends.com\/index.php\/wp-json\/wp\/v2\/pages\/28\/revisions"}],"predecessor-version":[{"id":34,"href":"https:\/\/sailwithfriends.com\/index.php\/wp-json\/wp\/v2\/pages\/28\/revisions\/34"}],"wp:attachment":[{"href":"https:\/\/sailwithfriends.com\/index.php\/wp-json\/wp\/v2\/media?parent=28"}],"curies":[{"name":"wp","href":"https:\/\/api.w.org\/{rel}","templated":true}]}}