{"id":101,"date":"2025-10-20T20:30:22","date_gmt":"2025-10-20T18:30:22","guid":{"rendered":"https:\/\/sailwithfriends.com\/?page_id=101"},"modified":"2026-02-27T09:49:45","modified_gmt":"2026-02-27T08:49:45","slug":"ueber-uns","status":"publish","type":"page","link":"https:\/\/sailwithfriends.com\/index.php\/ueber-uns\/","title":{"rendered":"\u00dcber uns"},"content":{"rendered":"<p>Vor sieben Jahren hat alles mit einem einfachen Gedanken begonnen:<br \/>\nWas passiert, wenn man zehn Freunde auf ein Segelboot schickt?<\/p>\n<p>Aus dieser einen Woche ist eine Tradition entstanden.<br \/>\nAus einer Tradition wurde eine Community.<br \/>\nUnd aus einer Community wurde Sail With Friends.<\/p>\n<p>Wir \u2013 Felix und Spencer \u2013 haben damals unseren eigenen Urlaub organisiert. Ohne gro\u00dfe Vision. Nur mit der Idee, besondere Momente mit guten Menschen zu teilen.<br \/>\nWas folgte, hat uns selbst \u00fcberrascht: Jedes Jahr wurden es mehr. Neue Gesichter kamen dazu. Freundschaften entstanden. Aus einem Boot wurden zwei. Dann drei. Zuletzt waren wir mit 30 Leuten unterwegs.<\/p>\n<p>Was uns antreibt, ist nicht nur das Segeln.<br \/>\nEs ist dieses besondere Gef\u00fchl, wenn Menschen, die sich vorher kaum kannten, nach einer Woche wie alte Freunde auseinandergehen.<br \/>\nWenn Sonnenunterg\u00e4nge auf dem Meer zu Gespr\u00e4chen f\u00fchren, die man an Land nie gef\u00fchrt h\u00e4tte.<br \/>\nWenn aus Mitreisenden eine Crew wird.<\/p>\n<p>Heute geben wir dem Ganzen einen Namen.<br \/>\nSAIL WITH FRIENDS.<\/p>\n<p>Sail With Friends steht f\u00fcr au\u00dfergew\u00f6hnliche Segelt\u00f6rns mit Charakter \u2013 organisiert, durchdacht und dennoch genauso pers\u00f6nlich wie am ersten Tag.<\/p>\n<p>Wir m\u00f6chten Menschen die M\u00f6glichkeit geben, Teil dieser Erfahrung zu werden \u2013 unkompliziert &#038; einfach.<br \/>\nNicht als anonyme Pauschalreise, sondern als echtes Gemeinschaftserlebnis auf See.<\/p>\n<p>Willkommen an Bord.<\/p>\n","protected":false},"excerpt":{"rendered":"<p>Vor sieben Jahren hat alles mit einem einfachen Gedanken begonnen: Was passiert, wenn man zehn Freunde auf ein Segelboot schickt? Aus dieser einen Woche ist eine Tradition entstanden. Aus einer Tradition wurde eine Community. Und aus einer Community wurde Sail With Friends. Wir \u2013 Felix und Spencer \u2013 haben damals unseren eigenen Urlaub organisiert. Ohne&#8230;<\/p>\n","protected":false},"author":1,"featured_media":0,"parent":0,"menu_order":0,"comment_status":"closed","ping_status":"closed","template":"","meta":{"_monsterinsights_skip_tracking":false,"_monsterinsights_sitenote_active":false,"_monsterinsights_sitenote_note":"","_monsterinsights_sitenote_category":0,"_kad_post_transparent":"","_kad_post_title":"","_kad_post_layout":"","_kad_post_sidebar_id":"","_kad_post_content_style":"","_kad_post_vertical_padding":"","_kad_post_feature":"","_kad_post_feature_position":"","_kad_post_header":false,"_kad_post_footer":false,"footnotes":""},"class_list":["post-101","page","type-page","status-publish","hentry"],"jetpack_sharing_enabled":true,"_links":{"self":[{"href":"https:\/\/sailwithfriends.com\/index.php\/wp-json\/wp\/v2\/pages\/101","targetHints":{"allow":["GET"]}}],"collection":[{"href":"https:\/\/sailwithfriends.com\/index.php\/wp-json\/wp\/v2\/pages"}],"about":[{"href":"https:\/\/sailwithfriends.com\/index.php\/wp-json\/wp\/v2\/types\/page"}],"author":[{"embeddable":true,"href":"https:\/\/sailwithfriends.com\/index.php\/wp-json\/wp\/v2\/users\/1"}],"replies":[{"embeddable":true,"href":"https:\/\/sailwithfriends.com\/index.php\/wp-json\/wp\/v2\/comments?post=101"}],"version-history":[{"count":2,"href":"https:\/\/sailwithfriends.com\/index.php\/wp-json\/wp\/v2\/pages\/101\/revisions"}],"predecessor-version":[{"id":240,"href":"https:\/\/sailwithfriends.com\/index.php\/wp-json\/wp\/v2\/pages\/101\/revisions\/240"}],"wp:attachment":[{"href":"https:\/\/sailwithfriends.com\/index.php\/wp-json\/wp\/v2\/media?parent=101"}],"curies":[{"name":"wp","href":"https:\/\/api.w.org\/{rel}","templated":true}]}}